
{"id":9,"date":"2016-01-24T18:31:39","date_gmt":"2016-01-24T18:31:39","guid":{"rendered":"http:\/\/jeannot-sanavia.lu\/site\/?page_id=9"},"modified":"2016-03-09T21:41:33","modified_gmt":"2016-03-09T21:41:33","slug":"front-page","status":"publish","type":"page","link":"https:\/\/jeannot-sanavia.lu\/site\/","title":{"rendered":"Front Page"},"content":{"rendered":"<p>[vc_row][vc_column][vc_column_text el_class=\u00a0\u00bbentry-title\u00a0\u00bb]<\/p>\n<h2>Une petite introduction<\/h2>\n<p>[\/vc_column_text][vc_column_text]N\u00e9 au Luxembourg Jeannot Sanavia s\u2019int\u00e9resse \u00e0 la musique d\u00e8s l\u2019\u00e2ge de sept ans.<br \/>\nD\u2019abord il commence \u00e0 jouer du saxophone, puis plus tard s\u2019ajouteront la contrebasse et la composition.<br \/>\nIl fait ses \u00e9tudes au Conservatoire de Esch\/Alzette, au Conservatoire royale de Bruxelles et au Conservatoire de Maastricht.<\/p>\n<p>A c\u00f4t\u00e9 de son activit\u00e9 de concertiste et d\u2019enseignant au conservatoire du Nord \u00e0 Ettelbruck, il compose\u00a0 pour diff\u00e9rents ensembles ainsi que pour le cin\u00e9ma depuis 1987.[\/vc_column_text][vc_btn title=\u00a0\u00bbLire la biographie\u00a0\u00bb style=\u00a0\u00bbflat\u00a0\u00bb shape=\u00a0\u00bbsquare\u00a0\u00bb color=\u00a0\u00bbinverse\u00a0\u00bb i_align=\u00a0\u00bbright\u00a0\u00bb i_icon_fontawesome=\u00a0\u00bbfa fa-angle-right\u00a0\u00bb link=\u00a0\u00bburl:http%3A%2F%2Fjeannot-sanavia.lu%2Fsite%2Fbiographie%2F||\u00a0\u00bb add_icon=\u00a0\u00bbtrue\u00a0\u00bb][\/vc_column][\/vc_row]<\/p>\n","protected":false},"excerpt":{"rendered":"<p>[vc_row][vc_column][vc_column_text el_class=\u00a0\u00bbentry-title\u00a0\u00bb] Une petite introduction [\/vc_column_text][vc_column_text]N\u00e9 au Luxembourg Jeannot Sanavia s\u2019int\u00e9resse \u00e0 la musique d\u00e8s l\u2019\u00e2ge de sept ans. D\u2019abord il commence \u00e0 jouer du saxophone, puis plus tard s\u2019ajouteront la contrebasse et la composition. Il fait ses \u00e9tudes au Conservatoire de Esch\/Alzette, au Conservatoire royale de Bruxelles et au Conservatoire de Maastricht. A c\u00f4t\u00e9 [&hellip;]<\/p>\n","protected":false},"author":1,"featured_media":12,"parent":0,"menu_order":0,"comment_status":"closed","ping_status":"closed","template":"templates\/full-width.php","meta":[],"_links":{"self":[{"href":"https:\/\/jeannot-sanavia.lu\/site\/wp-json\/wp\/v2\/pages\/9"}],"collection":[{"href":"https:\/\/jeannot-sanavia.lu\/site\/wp-json\/wp\/v2\/pages"}],"about":[{"href":"https:\/\/jeannot-sanavia.lu\/site\/wp-json\/wp\/v2\/types\/page"}],"author":[{"embeddable":true,"href":"https:\/\/jeannot-sanavia.lu\/site\/wp-json\/wp\/v2\/users\/1"}],"replies":[{"embeddable":true,"href":"https:\/\/jeannot-sanavia.lu\/site\/wp-json\/wp\/v2\/comments?post=9"}],"version-history":[{"count":7,"href":"https:\/\/jeannot-sanavia.lu\/site\/wp-json\/wp\/v2\/pages\/9\/revisions"}],"predecessor-version":[{"id":49,"href":"https:\/\/jeannot-sanavia.lu\/site\/wp-json\/wp\/v2\/pages\/9\/revisions\/49"}],"wp:featuredmedia":[{"embeddable":true,"href":"https:\/\/jeannot-sanavia.lu\/site\/wp-json\/wp\/v2\/media\/12"}],"wp:attachment":[{"href":"https:\/\/jeannot-sanavia.lu\/site\/wp-json\/wp\/v2\/media?parent=9"}],"curies":[{"name":"wp","href":"https:\/\/api.w.org\/{rel}","templated":true}]}}