
{"id":42,"date":"2016-03-09T21:40:27","date_gmt":"2016-03-09T21:40:27","guid":{"rendered":"http:\/\/jeannot-sanavia.lu\/site\/?page_id=42"},"modified":"2016-03-12T14:52:27","modified_gmt":"2016-03-12T14:52:27","slug":"biographie","status":"publish","type":"page","link":"https:\/\/jeannot-sanavia.lu\/site\/biographie\/","title":{"rendered":"Biographie"},"content":{"rendered":"<p>[vc_row][vc_column width=\u00a0\u00bb2\/3&Prime;][vc_column_text]N\u00e9 au Luxembourg Jeannot Sanavia s\u2019int\u00e9resse \u00e0 la musique d\u00e8s l\u2019\u00e2ge de sept ans.<br \/>\nD\u2019abord il commence \u00e0 jouer du saxophone, puis plus tard s\u2019ajouteront la contrebasse et la composition.<br \/>\nIl fait ses \u00e9tudes au Conservatoire de Esch\/Alzette, au Conservatoire royale de Bruxelles et au Conservatoire de Maastricht.<\/p>\n<p>A c\u00f4t\u00e9 de son activit\u00e9 de concertiste et d\u2019enseignant au conservatoire du Nord \u00e0 Ettelbruck, il compose\u00a0 pour diff\u00e9rents ensembles ainsi que pour le cin\u00e9ma depuis 1987.<\/p>\n<p>Il a collabor\u00e9 notamment \u00e0 \u00ab\u00a0Brideflight\u00a0\u00bb de Ben Sombogaart, \u00ab\u00a0Max et Bobo\u00a0\u00bb de Fr\u00e9d\u00e9ric Fonteyne, \u00ab\u00a0Nuits d\u2019Arabie\u00a0\u00bb de Paul Kieffer (prix de la Sacem pour la musique prix du film luxembourgeois en 2007), \u00ab\u00a0Edward J. Steichen \u00bb de Claude Waringo, \u00ab\u00a0Sous le Figuier\u00a0\u00bb de\u00a0Anne-Marie Etienne\u2026<\/p>\n<p>Gr\u00e2ce \u00e0 son exp\u00e9rience de compositeur de musique de film, il a compos\u00e9 une musique pour le film muet \u00ab Cuirassier Potemkin \u00bb de Sergeij Eisenstein lors de trois projections sur le barrage d\u2019Esch-sur-S\u00fbre en \u00e9t\u00e9 2015 avec un orchestre live.<\/p>\n<p>En 2015 Les Solistes Europ\u00e9ens Luxembourg ont cr\u00e9e son oeuvre H\u00e9lice pour orchestre symphonique.[\/vc_column_text][\/vc_column][vc_column width=\u00a0\u00bb1\/3&Prime;][vc_gallery type=\u00a0\u00bbimage_grid\u00a0\u00bb images=\u00a0\u00bb43,44,45,46&Prime;][\/vc_column][\/vc_row]<\/p>\n","protected":false},"excerpt":{"rendered":"<p>[vc_row][vc_column width=\u00a0\u00bb2\/3&Prime;][vc_column_text]N\u00e9 au Luxembourg Jeannot Sanavia s\u2019int\u00e9resse \u00e0 la musique d\u00e8s l\u2019\u00e2ge de sept ans. D\u2019abord il commence \u00e0 jouer du saxophone, puis plus tard s\u2019ajouteront la contrebasse et la composition. Il fait ses \u00e9tudes au Conservatoire de Esch\/Alzette, au Conservatoire royale de Bruxelles et au Conservatoire de Maastricht. A c\u00f4t\u00e9 de son activit\u00e9 de [&hellip;]<\/p>\n","protected":false},"author":1,"featured_media":0,"parent":0,"menu_order":0,"comment_status":"closed","ping_status":"closed","template":"templates\/full-width.php","meta":[],"_links":{"self":[{"href":"https:\/\/jeannot-sanavia.lu\/site\/wp-json\/wp\/v2\/pages\/42"}],"collection":[{"href":"https:\/\/jeannot-sanavia.lu\/site\/wp-json\/wp\/v2\/pages"}],"about":[{"href":"https:\/\/jeannot-sanavia.lu\/site\/wp-json\/wp\/v2\/types\/page"}],"author":[{"embeddable":true,"href":"https:\/\/jeannot-sanavia.lu\/site\/wp-json\/wp\/v2\/users\/1"}],"replies":[{"embeddable":true,"href":"https:\/\/jeannot-sanavia.lu\/site\/wp-json\/wp\/v2\/comments?post=42"}],"version-history":[{"count":3,"href":"https:\/\/jeannot-sanavia.lu\/site\/wp-json\/wp\/v2\/pages\/42\/revisions"}],"predecessor-version":[{"id":203,"href":"https:\/\/jeannot-sanavia.lu\/site\/wp-json\/wp\/v2\/pages\/42\/revisions\/203"}],"wp:attachment":[{"href":"https:\/\/jeannot-sanavia.lu\/site\/wp-json\/wp\/v2\/media?parent=42"}],"curies":[{"name":"wp","href":"https:\/\/api.w.org\/{rel}","templated":true}]}}